{"id":2065,"date":"2025-06-11T10:17:58","date_gmt":"2025-06-11T08:17:58","guid":{"rendered":"https:\/\/magisavenir.com\/servicios\/acompanamiento-estrategico-para-conceptos-de-impacto-positivo\/"},"modified":"2025-06-16T13:44:03","modified_gmt":"2025-06-16T11:44:03","slug":"acompanamiento-estrategico-para-conceptos-de-impacto-positivo","status":"publish","type":"page","link":"https:\/\/magisavenir.com\/es\/servicios\/acompanamiento-estrategico-para-conceptos-de-impacto-positivo\/","title":{"rendered":"Acompa\u00f1amiento estrat\u00e9gico para conceptos de impacto positivo"},"content":{"rendered":"\n<div class=\"slider-wrapper relative\" id=\"slider-863918774\" >\n    <div class=\"slider slider-nav-circle slider-nav-large slider-nav-light slider-style-normal\"\n        data-flickity-options='{\n            \"cellAlign\": \"center\",\n            \"imagesLoaded\": true,\n            \"lazyLoad\": 1,\n            \"freeScroll\": false,\n            \"wrapAround\": true,\n            \"autoPlay\": 6000,\n            \"pauseAutoPlayOnHover\" : true,\n            \"prevNextButtons\": true,\n            \"contain\" : true,\n            \"adaptiveHeight\" : true,\n            \"dragThreshold\" : 10,\n            \"percentPosition\": true,\n            \"pageDots\": true,\n            \"rightToLeft\": false,\n            \"draggable\": true,\n            \"selectedAttraction\": 0.1,\n            \"parallax\" : 0,\n            \"friction\": 0.6        }'\n        >\n        \n\n\n  <div class=\"banner has-hover\" id=\"banner-478489225\">\n          <div class=\"banner-inner fill\">\n        <div class=\"banner-bg fill\" >\n            <img loading=\"lazy\" decoding=\"async\" width=\"1280\" height=\"835\" src=\"https:\/\/magisavenir.com\/wp-content\/uploads\/2025\/06\/macro-1452987_1280.jpg\" class=\"bg attachment-original size-original\" alt=\"\" \/>                        <div class=\"overlay\"><\/div>            \n                    <\/div>\n\t\t\n        <div class=\"banner-layers container\">\n            <div class=\"fill banner-link\"><\/div>            \n\n   <div id=\"text-box-1504766783\" class=\"text-box banner-layer x0 md-x0 lg-x0 y95 md-y50 lg-y50 res-text\">\n                                <div class=\"text-box-content text box-shadow-1\">\n              \n              <div class=\"text-inner text-left\">\n                  \n\n<h3>D\u00e9 amplitud a sus proyectos comprometidos, para que su impacto irradie a la altura de su intenci\u00f3n<\/h3>\n<h1 class=\"uppercase\">Acompa\u00f1amiento estrat\u00e9gico para conceptos de impacto positivo<\/h1>\n<p>\u00bfLidera un proyecto de impacto social, societal o ambiental, y busca darle la amplitud que merece, sin sacrificar su esencia ni su \u00e9tica?<\/p>\n\n              <\/div>\n           <\/div>\n                            \n<style>\n#text-box-1504766783 .text-box-content {\n  background-color: rgba(255, 255, 255, 0.86);\n  font-size: 100%;\n}\n#text-box-1504766783 .text-inner {\n  padding: 30px 30px 30px 30px;\n}\n#text-box-1504766783 {\n  width: 90%;\n}\n@media (min-width:550px) {\n  #text-box-1504766783 {\n    width: 99%;\n  }\n}\n<\/style>\n    <\/div>\n \n\n        <\/div>\n      <\/div>\n\n            \n<style>\n#banner-478489225 {\n  padding-top: 637px;\n}\n#banner-478489225 .overlay {\n  background-color: rgba(0, 0, 0, 0.186);\n}\n#banner-478489225 .banner-bg img {\n  object-position: 62% 60%;\n}\n<\/style>\n  <\/div>\n\n\n\n     <\/div>\n\n     <div class=\"loading-spin dark large centered\"><\/div>\n\n\t<\/div>\n\n\n<div class=\"row\"  id=\"row-118511521\">\n\n\n\t<div id=\"col-444863902\" class=\"col small-12 large-12\"  >\n\t\t\t\t<div class=\"col-inner\"  >\n\t\t\t\n\t\t\t\n\n\n  <div class=\"banner has-hover\" id=\"banner-639859971\">\n          <div class=\"banner-inner fill\">\n        <div class=\"banner-bg fill\" >\n                                    <div class=\"overlay\"><\/div>            \n                    <\/div>\n\t\t\n        <div class=\"banner-layers container\">\n            <div class=\"fill banner-link\"><\/div>            \n\n   <div id=\"text-box-504724118\" class=\"text-box banner-layer x50 md-x50 lg-x50 y50 md-y50 lg-y50 res-text\">\n                                <div class=\"text-box-content text dark\">\n              \n              <div class=\"text-inner text-center\">\n                  \n\n<p>MagisAvenir acompa\u00f1a a equipos y empresarios con prop\u00f3sito a clarificar su modelo de expansi\u00f3n, construir su enfoque comercial y activar las palancas correctas para crear un verdadero cambio, un impacto duradero. Creemos que los proyectos que tienen sentido merecen un crecimiento a su medida &#8212; ambicioso pero alineado. <\/p>\n\n              <\/div>\n           <\/div>\n                            \n<style>\n#text-box-504724118 {\n  width: 74%;\n}\n#text-box-504724118 .text-box-content {\n  font-size: 100%;\n}\n<\/style>\n    <\/div>\n \n\n        <\/div>\n      <\/div>\n\n            \n<style>\n#banner-639859971 {\n  padding-top: 200px;\n}\n#banner-639859971 .overlay {\n  background-color: rgba(0, 0, 0, 0.17);\n}\n<\/style>\n  <\/div>\n\n\n\n\t\t<\/div>\n\t\t\t\t\t<\/div>\n\n\t\n\n\n<style>\n#row-118511521 > .col > .col-inner {\n  padding: 30px 0px 0px 0px;\n}\n<\/style>\n<\/div>\n\n\t<section class=\"section\" id=\"section_1701460819\">\n\t\t<div class=\"section-bg fill\" >\n\t\t\t\t\t\t\t\t\t<div class=\"section-bg-overlay absolute fill\"><\/div>\n\t\t\t\n\n\t\t<\/div>\n\n\t\t\n\n\t\t<div class=\"section-content relative\">\n\t\t\t\n\n<div class=\"row row-large align-middle\"  id=\"row-842414902\">\n\n\n\t<div id=\"col-806266888\" class=\"col medium-6 small-12 large-6\"  >\n\t\t\t\t<div class=\"col-inner text-left\"  >\n\t\t\t\n\t\t\t\n\n<h2 class=\"uppercase\">Sus desaf\u00edos:<\/h2>\n<ul>\n<li style=\"font-weight: 400;\" aria-level=\"1\">A veces le falta perspectiva para plantear una visi\u00f3n de crecimiento que respete sus valores profundos.<\/li>\n<li style=\"font-weight: 400;\" aria-level=\"1\">Busca conciliar impacto positivo y viabilidad econ\u00f3mica, sin compromisos en lo esencial.<\/li>\n<li style=\"font-weight: 400;\" aria-level=\"1\">Necesita una mirada a la vez estrat\u00e9gica, intuitiva y experimentada para esclarecer sus decisiones. Busca una persona de confianza para llevar su voz sobre el terreno internacional, manteni\u00e9ndose fiel a la esencia de su proyecto mientras se focaliza en su actividad principal y zona de genialidad.<\/li>\n<\/ul>\n<div class=\"is-divider divider clearfix\" ><\/div>\n\n<h2 class=\"uppercase\">Nuestra respuesta<\/h2>\n<p>Un acompa\u00f1amiento puntual o regular para ayudarle a impulsar su desarrollo, convencer a sus partes interesadas y amplificar su alcance &#8212; siempre en coherencia con su visi\u00f3n.<\/p>\n\n\t\t<\/div>\n\t\t\t\t\t<\/div>\n\n\t\n\n\t<div id=\"col-1652616381\" class=\"col medium-6 small-12 large-6\"  >\n\t\t\t\t<div class=\"col-inner\"  >\n\t\t\t\n\t\t\t\n\n\t<div class=\"img has-hover x md-x lg-x y md-y lg-y\" id=\"image_826874475\">\n\t\t\t\t\t\t\t\t<div class=\"img-inner box-shadow-2 dark\" >\n\t\t\t\t\t\t\t\t\t\n\t\t\t\t\t<\/div>\n\t\t\t\t\t\t\t\t\n<style>\n#image_826874475 {\n  width: 100%;\n}\n<\/style>\n\t<\/div>\n\t\n\n\t<div class=\"img has-hover x md-x lg-x y md-y lg-y\" id=\"image_1354693967\">\n\t\t\t\t\t\t\t\t<div class=\"img-inner image-fade-in dark\" >\n\t\t\t<img loading=\"lazy\" decoding=\"async\" width=\"683\" height=\"1024\" src=\"https:\/\/magisavenir.com\/wp-content\/uploads\/2025\/05\/accompagnement-strategique-projet-impact-pexels-tara-winstead-683x1024.jpg\" class=\"attachment-large size-large\" alt=\"\" srcset=\"https:\/\/magisavenir.com\/wp-content\/uploads\/2025\/05\/accompagnement-strategique-projet-impact-pexels-tara-winstead-683x1024.jpg 683w, https:\/\/magisavenir.com\/wp-content\/uploads\/2025\/05\/accompagnement-strategique-projet-impact-pexels-tara-winstead-200x300.jpg 200w, https:\/\/magisavenir.com\/wp-content\/uploads\/2025\/05\/accompagnement-strategique-projet-impact-pexels-tara-winstead-768x1152.jpg 768w, https:\/\/magisavenir.com\/wp-content\/uploads\/2025\/05\/accompagnement-strategique-projet-impact-pexels-tara-winstead-1024x1536.jpg 1024w, https:\/\/magisavenir.com\/wp-content\/uploads\/2025\/05\/accompagnement-strategique-projet-impact-pexels-tara-winstead.jpg 1280w\" sizes=\"auto, (max-width: 683px) 100vw, 683px\" \/>\t\t\t\t\t\t\n\t\t\t\t\t<\/div>\n\t\t\t\t\t\t\t\t\n<style>\n#image_1354693967 {\n  width: 100%;\n}\n<\/style>\n\t<\/div>\n\t\n\n\n\t\t<\/div>\n\t\t\t\t\t<\/div>\n\n\t\n\n<\/div>\n\n\t\t<\/div>\n\n\t\t\n<style>\n#section_1701460819 {\n  padding-top: 30px;\n  padding-bottom: 30px;\n  background-color: rgb(255, 255, 255);\n}\n#section_1701460819 .section-bg-overlay {\n  background-color: rgba(255, 255, 255, 0.85);\n}\n<\/style>\n\t<\/section>\n\t\n<div class=\"row\"  id=\"row-374153571\">\n\n\n\t<div id=\"col-712168964\" class=\"col medium-6 small-12 large-6\"  >\n\t\t\t\t<div class=\"col-inner\"  >\n\t\t\t\n\t\t\t\n\n\n  <div class=\"banner has-hover\" id=\"banner-1976622226\">\n          <div class=\"banner-inner fill\">\n        <div class=\"banner-bg fill\" >\n                                    <div class=\"overlay\"><\/div>            \n                    <\/div>\n\t\t\n        <div class=\"banner-layers container\">\n            <div class=\"fill banner-link\"><\/div>            \n\n   <div id=\"text-box-1984015817\" class=\"text-box banner-layer x5 md-x5 lg-x5 y50 md-y50 lg-y50 res-text\">\n                                <div class=\"text-box-content text \">\n              \n              <div class=\"text-inner text-left\">\n                  \n\n\t<div id=\"text-1997483122\" class=\"text\">\n\t\t\n\n<h2 class=\"uppercase\"><strong>Lo que creamos juntos:<\/strong><\/h2>\n\t\t\n<style>\n#text-1997483122 {\n  font-size: 0.75rem;\n}\n<\/style>\n\t<\/div>\n\t\n\t<div id=\"text-493692080\" class=\"text\">\n\t\t\n\n<ul>\n<li>Diagn\u00f3stico de madurez que integra tanto la dimensi\u00f3n estrat\u00e9gica como la dimensi\u00f3n \u00e9tica<\/li>\n<li>Clarificaci\u00f3n de su propuesta de valor y su singularidad<\/li>\n<li>Construcci\u00f3n de una hoja de ruta concreta que honra tanto sus ambiciones como sus valores<\/li>\n<li>Revisi\u00f3n intuitiva y estrat\u00e9gica de sus dossieres comerciales clave (inversores, convocatorias de proyectos, socios&#8230;)<\/li>\n<\/ul>\n\t\t\n<style>\n#text-493692080 {\n  font-size: 0.95rem;\n  line-height: 1.25;\n}\n<\/style>\n\t<\/div>\n\t\n\n              <\/div>\n           <\/div>\n                            \n<style>\n#text-box-1984015817 {\n  width: 60%;\n}\n#text-box-1984015817 .text-box-content {\n  font-size: 100%;\n}\n@media (min-width:550px) {\n  #text-box-1984015817 {\n    width: 85%;\n  }\n}\n<\/style>\n    <\/div>\n \n\n        <\/div>\n      <\/div>\n\n            \n<style>\n#banner-1976622226 {\n  padding-top: 400px;\n  background-color: rgb(255, 255, 255);\n}\n#banner-1976622226 .overlay {\n  background-color: rgba(190, 190, 190, 0.2);\n}\n<\/style>\n  <\/div>\n\n\n\n\t\t<\/div>\n\t\t\t\t\t<\/div>\n\n\t\n\n\t<div id=\"col-238672477\" class=\"col medium-6 small-12 large-6\"  >\n\t\t\t\t<div class=\"col-inner\"  >\n\t\t\t\n\t\t\t\n\n\n  <div class=\"banner has-hover\" id=\"banner-827087809\">\n          <div class=\"banner-inner fill\">\n        <div class=\"banner-bg fill\" >\n                                    <div class=\"overlay\"><\/div>            \n                    <\/div>\n\t\t\n        <div class=\"banner-layers container\">\n            <div class=\"fill banner-link\"><\/div>            \n\n   <div id=\"text-box-1184429944\" class=\"text-box banner-layer x5 md-x5 lg-x5 y50 md-y50 lg-y50 res-text\">\n                                <div class=\"text-box-content text \">\n              \n              <div class=\"text-inner text-left\">\n                  \n\n\t<div id=\"text-4220830910\" class=\"text\">\n\t\t\n\n<h2 class=\"uppercase\"><strong>Los beneficios<br>para usted:<\/strong><\/h2>\n\t\t\n<style>\n#text-4220830910 {\n  font-size: 0.75rem;\n}\n<\/style>\n\t<\/div>\n\t\n\t<div id=\"text-2316247010\" class=\"text\">\n\t\t\n\n<ul>\n<li>Una visi\u00f3n de conjunto clara, motivante y profundamente alineada con su ser<\/li>\n<li>Toma de decisiones m\u00e1s seguras, nutridas tanto por la estrategia como por la intuici\u00f3n<\/li>\n<li>Una capacidad reforzada para convencer a sus partes interesadas, sin diluir su mensaje<\/li>\n<li>Una expansi\u00f3n que amplifica su impacto, sin jam\u00e1s comprometerlo<\/li>\n<\/ul>\n\t\t\n<style>\n#text-2316247010 {\n  font-size: 0.95rem;\n  line-height: 1.25;\n}\n<\/style>\n\t<\/div>\n\t\n\n              <\/div>\n           <\/div>\n                            \n<style>\n#text-box-1184429944 {\n  width: 60%;\n}\n#text-box-1184429944 .text-box-content {\n  font-size: 100%;\n}\n@media (min-width:550px) {\n  #text-box-1184429944 {\n    width: 85%;\n  }\n}\n<\/style>\n    <\/div>\n \n\n        <\/div>\n      <\/div>\n\n            \n<style>\n#banner-827087809 {\n  padding-top: 400px;\n  background-color: rgb(255, 255, 255);\n}\n#banner-827087809 .overlay {\n  background-color: rgba(190, 190, 190, 0.2);\n}\n<\/style>\n  <\/div>\n\n\n\n\t\t<\/div>\n\t\t\t\t\t<\/div>\n\n\t\n\n\n<style>\n#row-374153571 > .col > .col-inner {\n  padding: 10px 0px 60px 0px;\n}\n<\/style>\n<\/div>\n<div class=\"message-box relative dark\" style=\"padding-top:200px;padding-bottom:200px;\"><div class=\"message-box-bg-image bg-fill fill\" style=\"background-image:url(https:\/\/magisavenir.com\/wp-content\/uploads\/2025\/05\/deploiement-strategique-projets-impact-magnisavenir-pexels-domo-arts-1024x766.jpg);\"><\/div><div class=\"message-box-bg-overlay bg-fill fill\" style=\"background-color:rgba(0, 0, 0, 0.395);\"><\/div><div class=\"container relative\"><div class=\"inner last-reset\">\n\n<div class=\"row align-middle align-center\"  id=\"row-708263402\">\n\n\n\t<div id=\"col-1313175613\" class=\"col medium-8 small-12 large-8\"  >\n\t\t\t\t<div class=\"col-inner\"  >\n\t\t\t\n\t\t\t\n\n<div class=\"container section-title-container\" ><h2 class=\"section-title section-title-normal\"><b><\/b><span class=\"section-title-main\" >SU PROYECTO MERECE DESARROLLARSE A LA ALTURA DE SUS AMBICIONES<\/span><b><\/b><\/h2><\/div>\n\n<p>Inicie su estrategia de impacto y demos juntos m\u00e1s amplitud a su visi\u00f3n<\/p>\n\n\t\t<\/div>\n\t\t\t\t\t<\/div>\n\n\t\n\n\t<div id=\"col-806995553\" class=\"col medium-3 small-12 large-3\"  >\n\t\t\t\t<div class=\"col-inner text-center\"  >\n\t\t\t\n\t\t\t\n\n<a href=\"https:\/\/magisavenir.com\/es\/contacto\/\" class=\"button primary expand\"  style=\"padding:25px 20px 20px 20px;\">\n\t\t<span>Reserve una llamada de descubrimiento<\/span>\n\t<\/a>\n\n\n\n\t\t<\/div>\n\t\t\t\t\t<\/div>\n\n\t\n\n<\/div>\n\n<\/div><\/div><\/div>\n\n","protected":false},"excerpt":{"rendered":"","protected":false},"author":4,"featured_media":1879,"parent":2058,"menu_order":0,"comment_status":"closed","ping_status":"closed","template":"page-blank.php","meta":{"footnotes":""},"class_list":["post-2065","page","type-page","status-publish","has-post-thumbnail","hentry"],"_links":{"self":[{"href":"https:\/\/magisavenir.com\/es\/wp-json\/wp\/v2\/pages\/2065","targetHints":{"allow":["GET"]}}],"collection":[{"href":"https:\/\/magisavenir.com\/es\/wp-json\/wp\/v2\/pages"}],"about":[{"href":"https:\/\/magisavenir.com\/es\/wp-json\/wp\/v2\/types\/page"}],"author":[{"embeddable":true,"href":"https:\/\/magisavenir.com\/es\/wp-json\/wp\/v2\/users\/4"}],"replies":[{"embeddable":true,"href":"https:\/\/magisavenir.com\/es\/wp-json\/wp\/v2\/comments?post=2065"}],"version-history":[{"count":1,"href":"https:\/\/magisavenir.com\/es\/wp-json\/wp\/v2\/pages\/2065\/revisions"}],"predecessor-version":[{"id":2066,"href":"https:\/\/magisavenir.com\/es\/wp-json\/wp\/v2\/pages\/2065\/revisions\/2066"}],"up":[{"embeddable":true,"href":"https:\/\/magisavenir.com\/es\/wp-json\/wp\/v2\/pages\/2058"}],"wp:featuredmedia":[{"embeddable":true,"href":"https:\/\/magisavenir.com\/es\/wp-json\/wp\/v2\/media\/1879"}],"wp:attachment":[{"href":"https:\/\/magisavenir.com\/es\/wp-json\/wp\/v2\/media?parent=2065"}],"curies":[{"name":"wp","href":"https:\/\/api.w.org\/{rel}","templated":true}]}}