{"id":2046,"date":"2025-06-11T09:48:38","date_gmt":"2025-06-11T07:48:38","guid":{"rendered":"https:\/\/magisavenir.com\/acerca-de\/"},"modified":"2025-06-14T13:57:41","modified_gmt":"2025-06-14T11:57:41","slug":"acerca-de","status":"publish","type":"page","link":"https:\/\/magisavenir.com\/es\/acerca-de\/","title":{"rendered":"Acerca de"},"content":{"rendered":"\n<div class=\"slider-wrapper relative\" id=\"slider-208649144\" >\n    <div class=\"slider slider-nav-circle slider-nav-large slider-nav-light slider-style-normal\"\n        data-flickity-options='{\n            \"cellAlign\": \"center\",\n            \"imagesLoaded\": true,\n            \"lazyLoad\": 1,\n            \"freeScroll\": false,\n            \"wrapAround\": true,\n            \"autoPlay\": 6000,\n            \"pauseAutoPlayOnHover\" : true,\n            \"prevNextButtons\": true,\n            \"contain\" : true,\n            \"adaptiveHeight\" : true,\n            \"dragThreshold\" : 10,\n            \"percentPosition\": true,\n            \"pageDots\": true,\n            \"rightToLeft\": false,\n            \"draggable\": true,\n            \"selectedAttraction\": 0.1,\n            \"parallax\" : 0,\n            \"friction\": 0.6        }'\n        >\n        \n\n\n  <div class=\"banner has-hover\" id=\"banner-821007723\">\n          <div class=\"banner-inner fill\">\n        <div class=\"banner-bg fill\" >\n            <img loading=\"lazy\" decoding=\"async\" width=\"1920\" height=\"1280\" src=\"https:\/\/magisavenir.com\/wp-content\/uploads\/2025\/05\/apropos-tatiana-dary-magisavenir-pexels-cottonbro.jpg\" class=\"bg attachment-original size-original\" alt=\"\u00c0 propos Magis Avenir\" \/>                                    \n                    <\/div>\n\t\t\n        <div class=\"banner-layers container\">\n            <div class=\"fill banner-link\"><\/div>            \n\n   <div id=\"text-box-307350390\" class=\"text-box banner-layer x0 md-x0 lg-x0 y95 md-y50 lg-y50 res-text\">\n                                <div class=\"text-box-content text box-shadow-1\">\n              \n              <div class=\"text-inner text-left\">\n                  \n\n<h3>Alineada con sus valores e intenciones<\/h3>\n<h1 class=\"uppercase\">MagisAvenir hace crecer proyectos ambiciosos<\/h1>\n<p>MagisAvenir acompa\u00f1a a empresas de impacto positivo, scale-ups y redes innovadoras en su expansi\u00f3n, en Francia y en Espa\u00f1a. Una directora comercial externalizada a su lado, estratega y operacional, el tiempo de superar una etapa. <\/p>\n\n              <\/div>\n           <\/div>\n                            \n<style>\n#text-box-307350390 .text-box-content {\n  background-color: rgba(255, 255, 255, 0.86);\n  font-size: 100%;\n}\n#text-box-307350390 .text-inner {\n  padding: 30px 30px 30px 30px;\n}\n#text-box-307350390 {\n  width: 90%;\n}\n@media (min-width:550px) {\n  #text-box-307350390 {\n    width: 99%;\n  }\n}\n<\/style>\n    <\/div>\n \n\n        <\/div>\n      <\/div>\n\n            \n<style>\n#banner-821007723 {\n  padding-top: 637px;\n}\n#banner-821007723 .banner-bg img {\n  object-position: 62% 60%;\n}\n<\/style>\n  <\/div>\n\n\n\n     <\/div>\n\n     <div class=\"loading-spin dark large centered\"><\/div>\n\n\t<\/div>\n\n\n<div class=\"row\"  id=\"row-1628990143\">\n\n\n\t<div id=\"col-1451768687\" class=\"col small-12 large-12\"  >\n\t\t\t\t<div class=\"col-inner\"  >\n\t\t\t\n\t\t\t\n\n\n  <div class=\"banner has-hover\" id=\"banner-971650570\">\n          <div class=\"banner-inner fill\">\n        <div class=\"banner-bg fill\" >\n                                    <div class=\"overlay\"><\/div>            \n                    <\/div>\n\t\t\n        <div class=\"banner-layers container\">\n            <div class=\"fill banner-link\"><\/div>            \n\n   <div id=\"text-box-548766169\" class=\"text-box banner-layer x50 md-x50 lg-x50 y50 md-y50 lg-y50 res-text\">\n                                <div class=\"text-box-content text dark\">\n              \n              <div class=\"text-inner text-center\">\n                  \n\n<p>Tienen un concepto de gran potencial. Pero no tienen (todav\u00eda) los medios, el tiempo o los recursos internos para desplegarlo a nivel regional, nacional o internacional. Dudan en contratar un director comercial con contrato indefinido. Y sin embargo, sienten que es hora de actuar.   <\/p>\n<p>Aqu\u00ed es donde intervengo: para construir, representar y acelerar el desarrollo de sus actividades, respetando tu ADN.<\/p>\n\n              <\/div>\n           <\/div>\n                            \n<style>\n#text-box-548766169 {\n  width: 74%;\n}\n#text-box-548766169 .text-box-content {\n  font-size: 100%;\n}\n<\/style>\n    <\/div>\n \n\n        <\/div>\n      <\/div>\n\n            \n<style>\n#banner-971650570 {\n  padding-top: 300px;\n}\n#banner-971650570 .overlay {\n  background-color: rgba(0, 0, 0, 0.17);\n}\n<\/style>\n  <\/div>\n\n\n\n\t\t<\/div>\n\t\t\t\t\t<\/div>\n\n\t\n\n\n<style>\n#row-1628990143 > .col > .col-inner {\n  padding: 30px 0px 0px 0px;\n}\n<\/style>\n<\/div>\n<div class=\"row\"  id=\"row-2060035511\">\n\n\n\t<div id=\"col-669748754\" class=\"col small-12 large-12\"  >\n\t\t\t\t<div class=\"col-inner\"  >\n\t\t\t\n\t\t\t\n\n<div class=\"container section-title-container\" style=\"margin-top:40px;\"><h2 class=\"section-title section-title-center\"><b><\/b><span class=\"section-title-main\" >MagisAvenir no es un simple proveedor<\/span><b><\/b><\/h2><\/div>\n\n\t<div id=\"text-1756518963\" class=\"text\">\n\t\t\n\n<p>Es una compa\u00f1era de viaje, su brazo derecho (o izquierdo!) estrat\u00e9gico, una colega externalizada muy operacional, que comparte sus ambiciones y se implica con entusiasmo.<\/p>\n\t\t\n<style>\n#text-1756518963 {\n  text-align: center;\n}\n<\/style>\n\t<\/div>\n\t\n\n\t\t<\/div>\n\t\t\t\t\n<style>\n#col-669748754 > .col-inner {\n  margin: 0px 0px -10px 0px;\n}\n<\/style>\n\t<\/div>\n\n\t\n\n<\/div>\n\n\t<section class=\"section\" id=\"section_2139415065\">\n\t\t<div class=\"section-bg fill\" >\n\t\t\t\t\t\t\t\t\t\n\t\t\t\n\n\t\t<\/div>\n\n\t\t\n\n\t\t<div class=\"section-content relative\">\n\t\t\t\n\n<div class=\"row row-large align-center row-divided\"  id=\"row-2001710381\">\n\n\n\t<div id=\"col-720506892\" class=\"col medium-4 large-4\"  >\n\t\t\t\t<div class=\"col-inner\"  >\n\t\t\t\n\t\t\t\n\n\n\t\t<div class=\"icon-box featured-box icon-box-center text-center\"  style=\"margin:0px 0px 0px 0px;\">\n\t\t\t\t\t<div class=\"icon-box-img has-icon-bg\" style=\"width: 60px\">\n\t\t\t\t<div class=\"icon\">\n\t\t\t\t\t<div class=\"icon-inner\" style=\"border-width:2px;\">\n\t\t\t\t\t\t<svg width=\"200\" height=\"200\" viewBox=\"0 0 200 200\" fill=\"none\" xmlns=\"http:\/\/www.w3.org\/2000\/svg\">\n<g clip-path=\"url(#clip0_118_213)\">\n<path d=\"M100 173.738C24.3644 236.944 -36.9438 175.636 26.2621 100C-36.9438 24.3644 24.3644 -36.9438 100 26.2621C175.621 -36.9438 236.944 24.3644 173.738 100C236.944 175.578 175.621 236.944 100 173.738Z\" fill=\"url(#paint0_linear_118_213)\"\/>\n<\/g>\n<defs>\n<linearGradient id=\"paint0_linear_118_213\" x1=\"13.9998\" y1=\"26\" x2=\"179\" y2=\"179.498\" gradientUnits=\"userSpaceOnUse\">\n<stop stop-color=\"#E9B8FF\"\/>\n<stop offset=\"1\" stop-color=\"#F9ECFF\"\/>\n<\/linearGradient>\n<clipPath id=\"clip0_118_213\">\n<rect width=\"200\" height=\"200\" fill=\"white\"\/>\n<\/clipPath>\n<\/defs>\n<\/svg>\n\t\t\t\t\t<\/div>\n\t\t\t\t<\/div>\n\t\t\t<\/div>\n\t\t\t\t<div class=\"icon-box-text last-reset\">\n\t\t\t<h5 class=\"uppercase\">Compromiso<\/h5>\t\t\t\t\t\t\n\n<p>Porque un proyecto se construye con visi\u00f3n y presencia.<\/p>\n\n\t\t<\/div>\n\t<\/div>\n\t\n\t\n\n\t\t<\/div>\n\t\t\t\t\t<\/div>\n\n\t\n\n\t<div id=\"col-1187686990\" class=\"col medium-4 large-4\"  >\n\t\t\t\t<div class=\"col-inner\"  >\n\t\t\t\n\t\t\t\n\n\n\t\t<div class=\"icon-box featured-box icon-box-center text-center\"  style=\"margin:0px 0px 0px 0px;\">\n\t\t\t\t\t<div class=\"icon-box-img has-icon-bg\" style=\"width: 60px\">\n\t\t\t\t<div class=\"icon\">\n\t\t\t\t\t<div class=\"icon-inner\" style=\"border-width:2px;\">\n\t\t\t\t\t\t<svg width=\"200\" height=\"200\" viewBox=\"0 0 200 200\" fill=\"none\" xmlns=\"http:\/\/www.w3.org\/2000\/svg\">\n<g clip-path=\"url(#clip0_133_21)\">\n<path fill-rule=\"evenodd\" clip-rule=\"evenodd\" d=\"M99.9759 100C44.7585 99.987 -2.80187e-06 55.2204 -7.62939e-06 1.74846e-05L200 0C200 55.2204 155.242 99.987 100.024 100C155.242 100.013 200 144.78 200 200H1.11288e-06C1.11288e-06 144.78 44.7585 100.013 99.9759 100Z\" fill=\"url(#paint0_linear_133_21)\"\/>\n<\/g>\n<defs>\n<linearGradient id=\"paint0_linear_133_21\" x1=\"157.5\" y1=\"32\" x2=\"44\" y2=\"147.5\" gradientUnits=\"userSpaceOnUse\">\n<stop offset=\"0.0509862\" stop-color=\"#FFB6E1\"\/>\n<stop offset=\"1\" stop-color=\"#FBE3EA\"\/>\n<\/linearGradient>\n<clipPath id=\"clip0_133_21\">\n<rect width=\"200\" height=\"200\" fill=\"white\"\/>\n<\/clipPath>\n<\/defs>\n<\/svg>\n\t\t\t\t\t<\/div>\n\t\t\t\t<\/div>\n\t\t\t<\/div>\n\t\t\t\t<div class=\"icon-box-text last-reset\">\n\t\t\t<h5 class=\"uppercase\">Independencia<\/h5>\t\t\t\t\t\t\n\n<p>Para ofrecer una mirada externa, sin tab\u00fas, y decirle las cosas tal como las vemos.<\/p>\n\n\t\t<\/div>\n\t<\/div>\n\t\n\t\n\n\t\t<\/div>\n\t\t\t\t\t<\/div>\n\n\t\n\n\t<div id=\"col-751635227\" class=\"col medium-4 large-4\"  >\n\t\t\t\t<div class=\"col-inner\"  >\n\t\t\t\n\t\t\t\n\n\n\t\t<div class=\"icon-box featured-box icon-box-center text-center\"  style=\"margin:0px 0px 0px 0px;\">\n\t\t\t\t\t<div class=\"icon-box-img has-icon-bg\" style=\"width: 60px\">\n\t\t\t\t<div class=\"icon\">\n\t\t\t\t\t<div class=\"icon-inner\" style=\"border-width:2px;\">\n\t\t\t\t\t\t<svg width=\"200\" height=\"200\" viewBox=\"0 0 200 200\" fill=\"none\" xmlns=\"http:\/\/www.w3.org\/2000\/svg\">\n<g clip-path=\"url(#clip0_238_1331)\">\n<path fill-rule=\"evenodd\" clip-rule=\"evenodd\" d=\"M146.371 34.5888C147.629 31.5563 148.272 28.3046 148.265 25.0218C148.267 20.0831 146.806 15.2545 144.066 11.1455C141.326 7.03648 137.431 3.83135 132.871 1.9347C128.311 0.038053 123.291 -0.465076 118.445 0.488832C113.6 1.44274 109.145 3.81092 105.644 7.29439L100.004 12.5471L94.4021 7.31163C89.7108 2.62604 83.3503 -0.00403591 76.7198 4.64873e-06C70.0894 0.00404521 63.7321 2.64187 59.0465 7.33318C54.3609 12.0245 51.7308 18.385 51.7348 25.0155C51.7389 31.6459 54.3767 38.0032 59.068 42.6888L97.5477 81.7374C97.8685 82.0631 98.2508 82.3217 98.6725 82.4983C99.0941 82.6748 99.5467 82.7658 100.004 82.7658C100.461 82.7658 100.914 82.6748 101.335 82.4983C101.757 82.3217 102.139 82.0631 102.46 81.7374L140.94 42.6888C143.268 40.3744 145.114 37.6213 146.371 34.5888ZM53.6286 165.411C52.3712 168.444 51.7276 171.695 51.7349 174.978C51.7327 179.917 53.1938 184.746 55.9336 188.855C58.6735 192.964 62.5693 196.169 67.1293 198.065C71.6892 199.962 76.7089 200.465 81.5546 199.511C86.4003 198.557 90.8547 196.189 94.3556 192.706L99.9961 187.453L105.598 192.688C110.289 197.374 116.65 200.004 123.28 200C129.911 199.996 136.268 197.358 140.954 192.667C145.639 187.976 148.269 181.615 148.265 174.985C148.261 168.354 145.623 161.997 140.932 157.311L102.452 118.263C102.132 117.937 101.749 117.678 101.327 117.502C100.906 117.325 100.453 117.234 99.9961 117.234C99.539 117.234 99.0864 117.325 98.6647 117.502C98.2431 117.678 97.8607 117.937 97.54 118.263L59.0603 157.311C56.7321 159.626 54.8859 162.379 53.6286 165.411ZM174.978 148.266C171.695 148.273 168.444 147.629 165.411 146.372C162.379 145.115 159.626 143.268 157.311 140.94L118.263 102.461C117.937 102.14 117.678 101.757 117.502 101.336C117.325 100.914 117.234 100.462 117.234 100.004C117.234 99.5473 117.325 99.0947 117.502 98.6731C117.678 98.2514 117.937 97.869 118.263 97.5483L157.311 59.0686C161.997 54.3773 168.354 51.7394 174.985 51.7354C181.615 51.7314 187.976 54.3614 192.667 59.047C197.358 63.7326 199.996 70.0899 200 76.7204C200.004 83.3509 197.374 89.7114 192.688 94.4027L187.453 100.004L192.706 105.645C196.189 109.146 198.557 113.6 199.511 118.446C200.465 123.292 199.962 128.311 198.065 132.871C196.169 137.431 192.964 141.327 188.855 144.067C184.746 146.807 179.917 148.268 174.978 148.266ZM34.5888 53.628C31.5563 52.3706 28.3046 51.727 25.0218 51.7343C20.0831 51.7321 15.2544 53.1932 11.1455 55.933C7.03647 58.6729 3.83134 62.5687 1.9347 67.1287C0.0380524 71.6887 -0.465076 76.7083 0.488831 81.554C1.44274 86.3997 3.81091 90.8542 7.29439 94.355L12.5471 99.9956L7.31163 105.597C2.62603 110.289 -0.00403599 116.649 4.64892e-06 123.28C0.00404529 129.91 2.64186 136.267 7.33317 140.953C12.0245 145.639 18.385 148.269 25.0155 148.265C31.6459 148.261 38.0032 145.623 42.6888 140.931L81.7373 102.452C82.063 102.131 82.3217 101.749 82.4982 101.327C82.6748 100.905 82.7657 100.453 82.7657 99.9955C82.7657 99.5384 82.6748 99.0858 82.4982 98.6642C82.3217 98.2425 82.063 97.8602 81.7373 97.5394L42.6888 59.0597C40.3744 56.7315 37.6213 54.8853 34.5888 53.628Z\" fill=\"url(#paint0_linear_238_1331)\"\/>\n<\/g>\n<defs>\n<linearGradient id=\"paint0_linear_238_1331\" x1=\"177\" y1=\"-9.23648e-06\" x2=\"39.5\" y2=\"152.5\" gradientUnits=\"userSpaceOnUse\">\n<stop stop-color=\"#B0B9FF\"\/>\n<stop offset=\"1\" stop-color=\"#E7E9FF\"\/>\n<\/linearGradient>\n<clipPath id=\"clip0_238_1331\">\n<rect width=\"200\" height=\"200\" fill=\"white\"\/>\n<\/clipPath>\n<\/defs>\n<\/svg>\n\t\t\t\t\t<\/div>\n\t\t\t\t<\/div>\n\t\t\t<\/div>\n\t\t\t\t<div class=\"icon-box-text last-reset\">\n\t\t\t<h5 class=\"uppercase\">Humanidad<\/h5>\t\t\t\t\t\t\n\n<p>Porque creo que las empresas pueden transformar el mundo, si se les dan los medios.<\/p>\n\n\t\t<\/div>\n\t<\/div>\n\t\n\t\n\n\t\t<\/div>\n\t\t\t\t\t<\/div>\n\n\t\n\n<\/div>\n<div class=\"is-divider divider clearfix\" style=\"height:20px;background-color:rgba(0, 0, 0, 0);\"><\/div>\n\n\n\t\t<\/div>\n\n\t\t\n<style>\n#section_2139415065 {\n  padding-top: 30px;\n  padding-bottom: 30px;\n  background-color: rgb(255, 255, 255);\n}\n<\/style>\n\t<\/section>\n\t\n\n\t<section class=\"section\" id=\"section_1111007094\">\n\t\t<div class=\"section-bg fill\" >\n\t\t\t\t\t\t\t\t\t<div class=\"section-bg-overlay absolute fill\"><\/div>\n\t\t\t\n\n\t\t<\/div>\n\n\t\t\n\n\t\t<div class=\"section-content relative\">\n\t\t\t\n\n<div class=\"row row-large align-middle\"  id=\"row-1775220558\">\n\n\n\t<div id=\"col-1263342432\" class=\"col medium-6 small-12 large-6\"  >\n\t\t\t\t<div class=\"col-inner text-left\"  >\n\t\t\t\n\t\t\t\n\n\t<div id=\"text-507655281\" class=\"text\">\n\t\t\n\n<p><span style=\"font-weight: 400;\">Franco-espa\u00f1ola, he pasado 20 a\u00f1os en el desarrollo de negocio de PYMES, ETI y grandes grupos en Francia y en Espa\u00f1a. He contribuido a la apertura de m\u00e1s de 500 puntos de venta, generado millones de euros de facturaci\u00f3n y co-pilotado proyectos tan emocionantes como desafiantes. <\/span><\/p>\n<p><span style=\"font-weight: 400;\">Tras haber acompa\u00f1ado m\u00e1s de 150 direcciones, tuve ganas de actuar de otra manera. A mi manera. Al crear MagisAvenir, eleg\u00ed poner mi experiencia al servicio de proyectos fuera de lo com\u00fan, de conceptos de impacto positivo, de marcas que merecen ser conocidas, comprendidas, apoyadas. He pensado MagisAvenir como una agencia de expansi\u00f3n encarnada, exigente, alegre y visionaria.   <\/span><\/p>\n<p><span style=\"font-weight: 400;\">Quien te acompa\u00f1a en tus desaf\u00edos de crecimiento&#8230;<\/span><\/p>\n<ul>\n<li style=\"font-weight: 400;\" aria-level=\"1\"><span style=\"font-weight: 400;\">se ha mudado +15 veces entre Espa\u00f1a, Francia y M\u00e9xico, y le encantan los inicios.<\/span><\/li>\n<li style=\"font-weight: 400;\" aria-level=\"1\"><span style=\"font-weight: 400;\">habla franc\u00e9s, espa\u00f1ol, ingl\u00e9s y el lenguaje de los astros.<\/span><\/li>\n<li style=\"font-weight: 400;\" aria-level=\"1\"><span style=\"font-weight: 400;\">cree en el amor universal, la adelfidad y los planes que siempre salen bien.<\/span><\/li>\n<li style=\"font-weight: 400;\" aria-level=\"1\"><span style=\"font-weight: 400;\">ya ha rechazado misiones porque el proyecto no vibraba lo suficientemente fuerte y no contribu\u00eda al bienestar de nuestra sociedad.<\/span><\/li>\n<li style=\"font-weight: 400;\" aria-level=\"1\"><span style=\"font-weight: 400;\">sue\u00f1a con invertir en conceptos de impacto positivo y formar parte de sus consejos de administraci\u00f3n.<\/span><\/li>\n<\/ul>\n\t\t\n<style>\n#text-507655281 {\n  line-height: 1.4;\n  color: rgb(249, 247, 247);\n}\n#text-507655281 > * {\n  color: rgb(249, 247, 247);\n}\n<\/style>\n\t<\/div>\n\t\n\n\t\t<\/div>\n\t\t\t\t\t<\/div>\n\n\t\n\n\t<div id=\"col-143835366\" class=\"col medium-6 small-12 large-6\"  >\n\t\t\t\t<div class=\"col-inner\"  >\n\t\t\t\n\t\t\t\n\n<div class=\"container section-title-container\" ><h2 class=\"section-title section-title-normal\"><b><\/b><span class=\"section-title-main\" style=\"color:rgb(253, 249, 249);\">Soy Tatiana Dary, fundadora de MagisAvenir<\/span><b><\/b><\/h2><\/div>\n\n\t<div class=\"img has-hover x md-x lg-x y md-y lg-y\" id=\"image_1007758194\">\n\t\t\t\t\t\t\t\t<div class=\"img-inner box-shadow-2 dark\" >\n\t\t\t\t\t\t\t\t\t\n\t\t\t\t\t<\/div>\n\t\t\t\t\t\t\t\t\n<style>\n#image_1007758194 {\n  width: 100%;\n}\n<\/style>\n\t<\/div>\n\t\n\n\t<div class=\"img has-hover x md-x lg-x y md-y lg-y\" id=\"image_1692790286\">\n\t\t\t\t\t\t\t\t<div class=\"img-inner dark\" >\n\t\t\t<img loading=\"lazy\" decoding=\"async\" width=\"1020\" height=\"679\" src=\"https:\/\/magisavenir.com\/wp-content\/uploads\/2025\/06\/Tatiana-Dary-LinkedIn-LOW-1024x682.png\" class=\"attachment-large size-large\" alt=\"\" srcset=\"https:\/\/magisavenir.com\/wp-content\/uploads\/2025\/06\/Tatiana-Dary-LinkedIn-LOW-1024x682.png 1024w, https:\/\/magisavenir.com\/wp-content\/uploads\/2025\/06\/Tatiana-Dary-LinkedIn-LOW-300x200.png 300w, https:\/\/magisavenir.com\/wp-content\/uploads\/2025\/06\/Tatiana-Dary-LinkedIn-LOW-768x512.png 768w, https:\/\/magisavenir.com\/wp-content\/uploads\/2025\/06\/Tatiana-Dary-LinkedIn-LOW.png 1259w\" sizes=\"auto, (max-width: 1020px) 100vw, 1020px\" \/>\t\t\t\t\t\t\n\t\t\t\t\t<\/div>\n\t\t\t\t\t\t\t\t\n<style>\n#image_1692790286 {\n  width: 100%;\n}\n<\/style>\n\t<\/div>\n\t\n\n\n\t\t<\/div>\n\t\t\t\t\t<\/div>\n\n\t\n\n<\/div>\n\n\t\t<\/div>\n\n\t\t\n<style>\n#section_1111007094 {\n  padding-top: 60px;\n  padding-bottom: 60px;\n  background-color: rgb(42, 123, 183);\n}\n#section_1111007094 .section-bg-overlay {\n  background-color: rgba(252, 246, 246, 0.215);\n}\n<\/style>\n\t<\/section>\n\t\n<div class=\"message-box relative dark\" style=\"padding-top:200px;padding-bottom:200px;\"><div class=\"message-box-bg-image bg-fill fill\" style=\"background-image:url(https:\/\/magisavenir.com\/wp-content\/uploads\/2025\/05\/direction-commerciale-pme-impact-positif-pexels-palumalerba-1024x683.jpg);\"><\/div><div class=\"message-box-bg-overlay bg-fill fill\" style=\"background-color:rgba(0, 0, 0, 0.192);\"><\/div><div class=\"container relative\"><div class=\"inner last-reset\">\n\n<div class=\"row align-middle align-center\"  id=\"row-435652021\">\n\n\n\t<div id=\"col-512833068\" class=\"col medium-8 small-12 large-8\"  >\n\t\t\t\t<div class=\"col-inner\"  >\n\t\t\t\n\t\t\t\n\n<div class=\"container section-title-container\" ><h2 class=\"section-title section-title-normal\"><b><\/b><span class=\"section-title-main\" >\u00bfListos para transformar vuestra visi\u00f3n en realidad?<\/span><b><\/b><\/h2><\/div>\n\n<p>Conozc\u00e1monos en una llamada exploratoria. Y veamos c\u00f3mo desplegar vuestro proyecto con impacto, serenidad y ambici\u00f3n compartida. <\/p>\n\n\t\t<\/div>\n\t\t\t\t\t<\/div>\n\n\t\n\n\t<div id=\"col-1452798016\" class=\"col medium-3 small-12 large-3\"  >\n\t\t\t\t<div class=\"col-inner text-center\"  >\n\t\t\t\n\t\t\t\n\n<a href=\"https:\/\/magisavenir.com\/es\/contacto\/\" class=\"button primary expand\"  style=\"padding:25px 20px 20px 20px;\">\n\t\t<span>Contactarme<\/span>\n\t<\/a>\n\n\n\n\t\t<\/div>\n\t\t\t\t\t<\/div>\n\n\t\n\n<\/div>\n\n<\/div><\/div><\/div>\n\n","protected":false},"excerpt":{"rendered":"","protected":false},"author":4,"featured_media":1224,"parent":0,"menu_order":0,"comment_status":"closed","ping_status":"closed","template":"page-blank.php","meta":{"footnotes":""},"class_list":["post-2046","page","type-page","status-publish","has-post-thumbnail","hentry"],"_links":{"self":[{"href":"https:\/\/magisavenir.com\/es\/wp-json\/wp\/v2\/pages\/2046","targetHints":{"allow":["GET"]}}],"collection":[{"href":"https:\/\/magisavenir.com\/es\/wp-json\/wp\/v2\/pages"}],"about":[{"href":"https:\/\/magisavenir.com\/es\/wp-json\/wp\/v2\/types\/page"}],"author":[{"embeddable":true,"href":"https:\/\/magisavenir.com\/es\/wp-json\/wp\/v2\/users\/4"}],"replies":[{"embeddable":true,"href":"https:\/\/magisavenir.com\/es\/wp-json\/wp\/v2\/comments?post=2046"}],"version-history":[{"count":6,"href":"https:\/\/magisavenir.com\/es\/wp-json\/wp\/v2\/pages\/2046\/revisions"}],"predecessor-version":[{"id":2053,"href":"https:\/\/magisavenir.com\/es\/wp-json\/wp\/v2\/pages\/2046\/revisions\/2053"}],"wp:featuredmedia":[{"embeddable":true,"href":"https:\/\/magisavenir.com\/es\/wp-json\/wp\/v2\/media\/1224"}],"wp:attachment":[{"href":"https:\/\/magisavenir.com\/es\/wp-json\/wp\/v2\/media?parent=2046"}],"curies":[{"name":"wp","href":"https:\/\/api.w.org\/{rel}","templated":true}]}}